{"id":10709,"date":"2014-11-19T15:14:03","date_gmt":"2014-11-19T15:14:03","guid":{"rendered":"http:\/\/theme-fusion.com\/avadaxml\/?page_id=10709"},"modified":"2018-06-17T21:25:09","modified_gmt":"2018-06-17T21:25:09","slug":"home-3","status":"publish","type":"page","link":"https:\/\/choopersfoundation.org\/addiction-treatment-charity\/","title":{"rendered":"Home"},"content":{"rendered":"<div class=\"pdfprnt-buttons pdfprnt-buttons-page pdfprnt-top-right\"><a href=\"https:\/\/choopersfoundation.org\/addiction-treatment-charity\/wp-json\/wp\/v2\/pages\/10709?print=pdf\" class=\"pdfprnt-button pdfprnt-button-pdf\" target=\"_blank\"><img src=\"http:\/\/choopersfoundation.org\/addiction-treatment-charity\/wp-content\/plugins\/pdf-print\/images\/pdf.png\" alt=\"image_pdf\" title=\"View PDF\" \/><\/a><a href=\"https:\/\/choopersfoundation.org\/addiction-treatment-charity\/wp-json\/wp\/v2\/pages\/10709?print=print\" class=\"pdfprnt-button pdfprnt-button-print\" target=\"_blank\"><img src=\"http:\/\/choopersfoundation.org\/addiction-treatment-charity\/wp-content\/plugins\/pdf-print\/images\/print.png\" alt=\"image_print\" title=\"Print Content\" \/><\/a><\/div><div class=\"fusion-sep-clear\"><\/div><div class=\"fusion-separator fusion-full-width-sep sep-none\" style=\"border-color:#e0dede;margin-left: auto;margin-right: auto;margin-top:px;\"><\/div><div class=\"fusion-fullwidth fullwidth-box fusion-fullwidth-1  fusion-parallax-none nonhundred-percent-fullwidth fusion-equal-height-columns\" style=\"border-color:#eae9e9;border-bottom-width: 0px;border-top-width: 0px;border-bottom-style: solid;border-top-style: solid;padding-bottom:20px;padding-top:20px;padding-left:px;padding-right:px;\"><style type=\"text\/css\" scoped=\"scoped\">.fusion-fullwidth-1 {\n                            padding-left: px !important;\n                            padding-right: px !important;\n                        }<\/style><div class=\"fusion-row\"><script data-cfasync=\"false\" type=\"text\/javascript\">var lsjQuery = jQuery;<\/script><script data-cfasync=\"false\" type=\"text\/javascript\">\r\nlsjQuery(document).ready(function() {\r\nif(typeof lsjQuery.fn.layerSlider == \"undefined\") { lsShowNotice('layerslider_1','jquery'); }\r\nelse {\r\nlsjQuery(\"#layerslider_1\").layerSlider({responsiveUnder: 1280, layersContainer: 1280, startInViewport: false, skin: 'noskin', globalBGColor: 'transparent', hoverPrevNext: false, autoPlayVideos: false, yourLogoStyle: 'left: 10px; top: 10px;', cbInit: function(element) { }, cbStart: function(data) { }, cbStop: function(data) { }, cbPause: function(data) { }, cbAnimStart: function(data) { }, cbAnimStop: function(data) { }, cbPrev: function(data) { }, cbNext: function(data) { }, skinsPath: 'http:\/\/choopersfoundation.org\/addiction-treatment-charity\/wp-content\/plugins\/LayerSlider\/static\/skins\/'})\r\n}\r\n});\r\n<\/script><div id=\"layerslider_1\" class=\"ls-wp-container\" style=\"width:100%;height:430px;margin:0 auto;margin-bottom: 0px;\"><div class=\"ls-slide\" data-ls=\" transition2d: all;\"><img src=\"http:\/\/choopersfoundation.org\/addiction-treatment-charity\/wp-content\/uploads\/2015\/11\/The-Choopers-Foundation-Logo.970X392.jpg\" class=\"ls-bg\" alt=\"The Choopers Foundation Logo.970X392\" \/><div class=\"ls-l\" style=\"top:240px;left:120px;width:;height:;padding-top:;padding-right:;padding-bottom:;padding-left:;border-top:3PX SOLID #990000;border-right:;border-bottom:;border-left:;font-family:Georgia;font-size:15px;line-height:;color:;background:;border-radius:;white-space: nowrap;\" data-ls=\"durationin:500;\">HELPING TO:  SAVE LIVES ... INFLUENCE PUBLIC PERCEPTION OF ADDICTION ...                    PROMOTE HEALTHCARE AND DRUG POLICY REFORM <\/div><\/div><div class=\"ls-slide\" data-ls=\" transition2d: all;\"><img src=\"http:\/\/choopersfoundation.org\/addiction-treatment-charity\/wp-content\/uploads\/2015\/10\/face-of-addiction.598.320.jpg\" class=\"ls-bg\" alt=\"face-of-addiction.598.320\" \/><div class=\"ls-l\" style=\"top:20px;left:25px;width:;height:;padding-top:;padding-right:;padding-bottom:;padding-left:;border-top:;border-right:;border-bottom:;border-left:;font-family:georgia;font-size:36px;line-height:;color:#ffffff;background:;border-radius:;white-space: nowrap;\">Addiction Starts Here<br>\nThis Could Be Your Daughter <\/div><div class=\"ls-l\" style=\"top:100px;left:20px;width:;height:;padding-top:;padding-right:;padding-bottom:;padding-left:;border-top:;border-right:;border-bottom:;border-left:;font-family:Georgia;font-size:36px;line-height:;color:#ffffff;background:;border-radius:;white-space: nowrap;\">\n<br><br>Stripped of Her Dignity<br>\nHer Family<br>\nHer Health<br>\nHer Dreams<\/div><\/div><div class=\"ls-slide\" data-ls=\"transition2d:25;\"><img src=\"http:\/\/choopersfoundation.org\/addiction-treatment-charity\/wp-content\/uploads\/2015\/10\/russian-woman-dying.958.230.png\" class=\"ls-bg\" alt=\"russian-woman-dying.958.230\" \/><div class=\"ls-l\" style=\"top:267px;left:247px;width:;height:;padding-top:;padding-right:;padding-bottom:;padding-left:;border-top:;border-right:;border-bottom:;border-left:;font-family:Georgia;font-size:24px;line-height:;color:#000000;background:#d1c9c9;border-radius:15px;white-space: nowrap;\" data-ls=\"durationout:1000;\">\n<\/div><div class=\"ls-l\" style=\"top:60px;left:40px;width:;height:;padding-top:;padding-right:;padding-bottom:;padding-left:;border-top:;border-right:;border-bottom:;border-left:;font-family:Georgia;font-size:24PX;line-height:;color:#FFFFFF;background:;border-radius:;white-space: nowrap;\" data-ls=\"durationin:2000;durationout:750;\"><strong>IT ENDS HERE<br>\nSICK<br>\nHELPLESS<br>\nHOMELESS<br>\nHOPELESS<br>\n<\/strong><\/div><div class=\"ls-l\" style=\"top:380px;left:741px;width:;height:;padding-top:;padding-right:;padding-bottom:;padding-left:;border-top:;border-right:;border-bottom:;border-left:;font-family:Georgia;font-size:36px;line-height:;color:#ffffff;background:;border-radius:;white-space: nowrap;\" data-ls=\"durationin:5000;durationout:1500;\">SHE is DYING ALONE<\/div><\/div><div class=\"ls-slide\" data-ls=\"transition2d:1;timeshift:-1000;\"><img src=\"http:\/\/choopersfoundation.org\/addiction-treatment-charity\/wp-content\/uploads\/2015\/10\/human-rights-600x300.jpg\" class=\"ls-bg\" alt=\"Human Rights--Choopers Foundation\" \/><div class=\"ls-l\" style=\"top:0px;left:625px;width:;height:;padding-top:;padding-right:;padding-bottom:;padding-left:;border-top:;border-right:;border-bottom:;border-left:;font-family:Georgia;font-size:36px;line-height:;color:#ffffff;background:;border-radius:;white-space: nowrap;\">Addiction is a Disease<br>\nEnd Discrimination<br>\nEnd the Genocide\n\n\n                                                                            \n<\/div><img class=\"ls-l ls-linkto-3\" style=\"top:460px;left:610px;white-space: nowrap;\" data-ls=\"offsetxin:-50;delayin:1000;rotatein:-40;offsetxout:-50;rotateout:-40;\" src=\"http:\/\/choopersfoundation.org\/addiction-treatment-charity\/wp-content\/uploads\/layerslider\/Full-width-demo-slider\/left.png\" alt=\"\"><img class=\"ls-l ls-linkto-2\" style=\"top:460px;left:650px;white-space: nowrap;\" data-ls=\"offsetxin:50;delayin:1000;offsetxout:50;\" src=\"http:\/\/choopersfoundation.org\/addiction-treatment-charity\/wp-content\/uploads\/layerslider\/Full-width-demo-slider\/right.png\" alt=\"\"><\/div><\/div><div class=\"accordian fusion-accordian\"><div class=\"panel-group\" id=\"accordion-10709-1\"><div class=\"fusion-panel panel-default\"><div class=\"panel-heading\"><h4 class=\"panel-title toggle\"><a data-toggle=\"collapse\" data-parent=\"#accordion-10709-1\" data-target=\"#2f0a9dbe7a024ca31\" href=\"#2f0a9dbe7a024ca31\"><div class=\"fusion-toggle-icon-wrapper\"><i class=\"fa-fusion-box\"><\/i><\/div><div class=\"fusion-toggle-heading\">Our Logo and the meaning of ens\u014d .<\/div><\/a><\/h4><\/div><div id=\"2f0a9dbe7a024ca31\" class=\"panel-collapse collapse \"><div class=\"panel-body toggle-content\">\n<p style=\"text-align: justify;\"><strong><span style=\"font-size: 14pt;\">ENS<\/span><span style=\"font-size: 18pt;\">\u014d<\/span><\/strong> is a Zen symbol of the absolute, the true nature of existence, the duality within life and the imperfection of all things. It is a symbol that combines the visible and the hidden, the simple and the profound, the empty and the full. The very imperfections and contours of the ens\u014d, which must be painted by human hand rather than constructed as a mathematically correct circle, make the ens\u014d a manifestation of perfection. It is perfect just as it is, even in all its imperfection. Ens\u014d suggests to the student to stop striving for perfection and allow the universe to be as it is. Abandon the idea that there is a one size fits all path that ends at some specific point, place or time. When you believe that you have arrived at some final destination on your path, ens\u014d reminds you to start again exactly at the point where you are now and to embrace and enjoy your unique experiences on life\u2019s journey.<\/p>\n<\/div><\/div><\/div><\/div><\/div><\/div><\/div><div class=\"fusion-fullwidth fullwidth-box fusion-fullwidth-2  fusion-parallax-none nonhundred-percent-fullwidth\" style=\"border-color:#eae9e9;border-bottom-width: 0px;border-top-width: 0px;border-bottom-style: solid;border-top-style: solid;padding-bottom:20px;padding-top:20px;padding-left:px;padding-right:px;\"><style type=\"text\/css\" scoped=\"scoped\">.fusion-fullwidth-2 {\n                            padding-left: px !important;\n                            padding-right: px !important;\n                        }<\/style><div class=\"fusion-row\"><div class=\"fusion-one-sixth fusion-layout-column fusion-spacing-yes\" style=\"margin-top:0px;margin-bottom:20px;\"><div class=\"fusion-column-wrapper\"><div class=\"fusion-button-wrapper\"><style type=\"text\/css\" scoped=\"scoped\">.fusion-button.button-1{width:auto;}<\/style><a class=\"fusion-button button-flat button-round button-large button-darkgray button-1\" target=\"_self\" href=\"http:\/\/choopersfoundation.org\/addiction-treatment-charity\/about-us-2\/\"><span class=\"fusion-button-text\">ABOUT <\/span><\/a><\/div><div class=\"fusion-clearfix\"><\/div><\/div><\/div><div class=\"fusion-one-sixth fusion-layout-column fusion-spacing-yes\" style=\"margin-top:0px;margin-bottom:20px;\"><div class=\"fusion-column-wrapper\"><div class=\"fusion-button-wrapper\"><style type=\"text\/css\" scoped=\"scoped\">.fusion-button.button-2{width:auto;}<\/style><a class=\"fusion-button button-flat button-round button-large button-darkgray button-2\" target=\"_self\" href=\"http:\/\/choopersfoundation.org\/addiction-treatment-charity\/medication-assisted-recovery\/\"><span class=\"fusion-button-text\">PROJECTS<\/span><\/a><\/div><div class=\"fusion-clearfix\"><\/div><\/div><\/div><div class=\"fusion-one-sixth fusion-layout-column fusion-spacing-yes\" style=\"margin-top:0px;margin-bottom:20px;\"><div class=\"fusion-column-wrapper\"><div class=\"fusion-button-wrapper\"><style type=\"text\/css\" scoped=\"scoped\">.fusion-button.button-3{width:auto;}<\/style><a class=\"fusion-button button-flat button-round button-large button-darkgray button-3\" target=\"_self\" href=\"http:\/\/choopersfoundation.org\/addiction-treatment-charity\/our-sponsors\/\"><span class=\"fusion-button-text\">SPONSORS<\/span><\/a><\/div><div class=\"fusion-clearfix\"><\/div><\/div><\/div><div class=\"fusion-one-sixth fusion-layout-column fusion-spacing-yes\" style=\"margin-top:0px;margin-bottom:20px;\"><div class=\"fusion-column-wrapper\"><div class=\"fusion-button-wrapper\"><style type=\"text\/css\" scoped=\"scoped\">.fusion-button.button-4{width:auto;}<\/style><a class=\"fusion-button button-flat button-round button-large button-darkgray button-4\" target=\"_self\"><span class=\"fusion-button-text\">DONATE<\/span><\/a><\/div><div class=\"fusion-clearfix\"><\/div><\/div><\/div><div class=\"fusion-one-sixth fusion-layout-column fusion-spacing-yes\" style=\"margin-top:0px;margin-bottom:20px;\"><div class=\"fusion-column-wrapper\"><div class=\"fusion-button-wrapper\"><style type=\"text\/css\" scoped=\"scoped\">.fusion-button.button-5{width:auto;}<\/style><a class=\"fusion-button button-flat button-round button-large button-darkgray button-5\" target=\"_self\" href=\"http:\/\/choopersfoundation.org\/addiction-treatment-charity\/event\/\"><span class=\"fusion-button-text\">EVENTS<\/span><\/a><\/div><div class=\"fusion-clearfix\"><\/div><\/div><\/div><div class=\"fusion-one-sixth fusion-layout-column fusion-column-last fusion-spacing-yes\" style=\"margin-top:0px;margin-bottom:20px;\"><div class=\"fusion-column-wrapper\"><div class=\"fusion-button-wrapper\"><style type=\"text\/css\" scoped=\"scoped\">.fusion-button.button-6{border-width:0px;color:#787878;border-color:#787878;}.fusion-button.button-6:hover,.fusion-button.button-6:focus,.fusion-button.button-6:active{border-width:0px;border-color:#787878;color:#787878;}.fusion-button.button-6{background: #be9ae2;}.fusion-button.button-6:hover,.button-6:focus,.fusion-button.button-6:active{background: #d6d6d6;\n\t\t\t\t\tbackground-image: -webkit-gradient( linear, left bottom, left top, from( #e8e8e8 ), to( #d6d6d6 ) );\n\t\t\t\t\tbackground-image: -webkit-linear-gradient( bottom, #e8e8e8, #d6d6d6 );\n\t\t\t\t\tbackground-image:\t-moz-linear-gradient( bottom, #e8e8e8, #d6d6d6 );\n\t\t\t\t\tbackground-image:\t  -o-linear-gradient( bottom, #e8e8e8, #d6d6d6 );\n\t\t\t\t\tbackground-image: linear-gradient( to top, #e8e8e8, #d6d6d6 );}.fusion-button.button-6{width:auto;}<\/style><a class=\"fusion-button button-flat button-round button-large button-custom button-6\" target=\"_blank\" title=\"Overdose Warning Network\" href=\"http:\/\/overdosedata.com\/login\"><span class=\"fusion-button-text\">OWN APP<\/span><\/a><\/div><div class=\"fusion-clearfix\"><\/div><\/div><\/div><div class=\"fusion-clearfix\"><\/div><div class=\"fusion-title title fusion-title-size-one\" style=\"margin-bottom:30px;\"><h1 class=\"title-heading-left\"><span style=\"font-size: 18pt;\">WELCOME TO<\/span>\u00a0\u00a0\u00a0\u00a0\u00a0\u00a0 <span style=\"font-size: 24pt; font-family: georgia,palatino,serif; color: #800000;\"><strong>THE CHOOPERS FOUNDATION<\/strong><\/span><\/h1><div class=\"title-sep-container\"><div class=\"title-sep sep-double sep-solid\"><\/div><\/div><\/div><\/div><\/div><div class=\"fusion-sep-clear\"><\/div><div class=\"fusion-separator fusion-full-width-sep sep-none\" style=\"border-color:#e0dede;margin-left: auto;margin-right: auto;margin-top:30px;margin-bottom:45px;\"><\/div><div class=\"fusion-one-fifth fusion-layout-column fusion-spacing-yes\" style=\"margin-top:0px;margin-bottom:20px;\"><div class=\"fusion-column-wrapper\"><div class=\"fusion-recent-posts avada-container layout-default layout-columns-1\"><section class=\"fusion-columns columns fusion-columns-1 columns-1\"><\/section><\/div><div class=\"fusion-clearfix\"><\/div><\/div><\/div><div class=\"fusion-three-fifth fusion-layout-column fusion-spacing-yes\" style=\"margin-top:0px;margin-bottom:20px;\"><div class=\"fusion-column-wrapper\"><p style=\"text-align: justify;\"><span style=\"font-size: 12pt; font-family: georgia,palatino,serif;\">Choopers Foundation is an addiction treatment and recovery charity and is\u00a0 the not for profit side of <a href=\"http:\/\/choopersguide.com\">Chooper&#8217;s Guide,<\/a> a comprehensive addiction treatment and information resource. Founded by <a href=\"http:\/\/choopersguide.com\/content\/tim-cheney-bio.html\">Timothy Cheney <\/a>and <a href=\"http:\/\/choopersguide.com\/content\/adrians-bio.html\">Adrian S. Hooper, Jr<\/a>.\u00a0 in 2015, our primary objectives are to elevate awareness of addiction as a disease, promote social justice, influence drug policy and to educate providers and the public.<\/span><\/p>\n<p><span style=\"font-size: 12pt; font-family: georgia,palatino,serif;\">The Chooper&#8217;s Foundation provides financial assistance to\u00a0 harm reduction and recovery community initiatives and focuses on innovative projects and programs that address the needs of the underserved.<\/span><\/p>\n<p style=\"text-align: center; font-size: 18px; line-height: 29px;\"><span style=\"color: #e4efd1;\">.<\/span><\/p>\n<div class=\"fusion-clearfix\"><\/div><\/div><\/div><div class=\"fusion-one-fifth fusion-layout-column fusion-column-last fusion-spacing-yes\" style=\"margin-top:0px;margin-bottom:20px;\"><div class=\"fusion-column-wrapper\"><p><a href=\"http:\/\/www.guidestar.org\/profile\/47-2069716\" target=\"_blank\" rel=\"noopener\"><img decoding=\"async\" src=\"http:\/\/widgets.guidestar.org\/gximage2?o=9430243&amp;l=v4\" \/><\/a><\/p>\n<div class=\"fusion-clearfix\"><\/div><\/div><\/div><div class=\"fusion-clearfix\"><\/div><div class=\"fusion-section-separator section-separator\" style=\"border-bottom:1px solid #a0ce4e;\"><div class=\"divider-candy-arrow bottom\" style=\"top:0px;border-top-color: #a0ce4e;\"><\/div><div class=\"divider-candy bottom\" style=\"bottom:-21px;border-bottom:1px solid #a0ce4e;border-left:1px solid #a0ce4e;\"><\/div><\/div><div class=\"fusion-fullwidth fullwidth-box fusion-fullwidth-3  fusion-parallax-none nonhundred-percent-fullwidth fusion-equal-height-columns fwcHome\" style=\"border-color:#eae9e9;border-bottom-width: 0px;border-top-width: 0px;border-bottom-style: solid;border-top-style: solid;padding-bottom:100px;padding-top:95px;padding-left:0px;padding-right:0px;background-position:left top;background-repeat:repeat;background-image: url(http:\/\/choopersfoundation.org\/addiction-treatment-charity\/wp-content\/uploads\/2014\/11\/avada_collage_design1-compressor.jpg);\"><style type=\"text\/css\" scoped=\"scoped\">.fusion-fullwidth-3 {\n                            padding-left: 0px !important;\n                            padding-right: 0px !important;\n                        }<\/style><div class=\"fusion-row\"><div class=\"fusion-one-third one_third fusion-layout-column fusion-spacing-yes\" style=\"margin-top:0px;margin-bottom:20px;\"><div class=\"fusion-column-wrapper\" style=\"background-color:rgba(255,255,255,.9);padding:30px;\"><div class=\"imageframe-align-center\"><span style=\"border:10px solid rgba(000,000,000,.04);\" class=\"fusion-imageframe imageframe-none imageframe-1 hover-type-none\"> <img decoding=\"async\" alt=\"Drug Policy Reform\" src=\"http:\/\/choopersfoundation.org\/addiction-treatment-charity\/wp-content\/uploads\/2015\/06\/maine-Bill-LD-113-Maine-Harm-Reduction.jpg\" class=\"img-responsive\"\/><\/span><\/div><div class=\"fusion-sep-clear\"><\/div><div class=\"fusion-separator fusion-full-width-sep sep-none\" style=\"border-color:#e0dede;margin-left: auto;margin-right: auto;margin-top:px;\"><\/div><p><span style=\"font-size: 12pt; font-family: georgia,palatino,serif;\">We support massive drug policy reform that focuses on demand reduction rather than supply reduction.<\/span><\/p>\n<div class=\"fusion-button-wrapper fusion-aligncenter\"><style type=\"text\/css\" scoped=\"scoped\">.fusion-button.button-7{border-width:1px;color:#333333;border-color:#333333;}.fusion-button.button-7:hover,.fusion-button.button-7:focus,.fusion-button.button-7:active{border-width:1px;border-color:#333333;color:#333333;}.fusion-button.button-7{background: transparent;}.fusion-button.button-7:hover,.button-7:focus,.fusion-button.button-7:active{background: rgba(000,000,000,.04);}.fusion-button.button-7{width:auto;}<\/style><a class=\"fusion-button button-flat button-round button-small button-custom button-7\" target=\"_blank\"><span class=\"fusion-button-text\">Learn More<\/span><\/a><\/div><div class=\"fusion-clearfix\"><\/div><\/div><\/div><div class=\"fusion-one-third one_third fusion-layout-column fusion-spacing-yes\" style=\"margin-top:0px;margin-bottom:20px;\"><div class=\"fusion-column-wrapper\" style=\"background-color:rgba(255,255,255,.9);padding:30px;\"><div class=\"imageframe-align-center\"><span style=\"border:10px solid rgba(000,000,000,.04);\" class=\"fusion-imageframe imageframe-none imageframe-2 hover-type-none\"> <img decoding=\"async\" alt=\"Harm Reduction\" src=\"http:\/\/choopersfoundation.org\/addiction-treatment-charity\/wp-content\/uploads\/2014\/11\/HIV-aids-casa1-300x188.jpg\" class=\"img-responsive\"\/><\/span><\/div><div class=\"fusion-sep-clear\"><\/div><div class=\"fusion-separator fusion-full-width-sep sep-none\" style=\"border-color:#e0dede;margin-left: auto;margin-right: auto;margin-top:12px;margin-bottom:12px;\"><\/div><p><span style=\"font-size: 12pt; font-family: georgia,palatino,serif;\">We Support the Philosophy and practices of Harm Reduction and provide financial assistance to not for profit community based programs<\/span>.<\/p>\n<div class=\"fusion-button-wrapper fusion-aligncenter\"><style type=\"text\/css\" scoped=\"scoped\">.fusion-button.button-8{border-width:1px;color:#333333;border-color:#333333;}.fusion-button.button-8:hover,.fusion-button.button-8:focus,.fusion-button.button-8:active{border-width:1px;border-color:#333333;color:#333333;}.fusion-button.button-8{background: transparent;}.fusion-button.button-8:hover,.button-8:focus,.fusion-button.button-8:active{background: rgba(000,000,000,.04);}.fusion-button.button-8{width:auto;}<\/style><a class=\"fusion-button button-flat button-round button-small button-custom button-8\" target=\"_blank\"><span class=\"fusion-button-text\">Learn More<\/span><\/a><\/div><div class=\"fusion-clearfix\"><\/div><\/div><\/div><div class=\"fusion-one-third one_third fusion-layout-column fusion-column-last fusion-spacing-yes\" style=\"margin-top:0px;margin-bottom:20px;\"><div class=\"fusion-column-wrapper\" style=\"background-color:rgba(255,255,255,.9);padding:30px;\"><div class=\"fusion-column-table\"><div class=\"fusion-column-tablecell\"><div class=\"imageframe-align-center\"><span style=\"border:10px solid rgba(000,000,000,.04);\" class=\"fusion-imageframe imageframe-none imageframe-3 hover-type-none\"> <img decoding=\"async\" alt=\"Avada Admin\" src=\"http:\/\/choopersfoundation.org\/addiction-treatment-charity\/wp-content\/uploads\/2014\/11\/advocacy.1.jpg\" class=\"img-responsive\"\/><\/span><\/div><div class=\"fusion-sep-clear\"><\/div><div class=\"fusion-separator fusion-full-width-sep sep-none\" style=\"border-color:#e0dede;margin-left: auto;margin-right: auto;margin-top:px;\"><\/div><p style=\"text-align: center; font-size: 15px; line-height: 26px;\"><span style=\"font-family: georgia,palatino,serif; font-size: 12pt;\">We are Active at National, State and Local Levels and encourage being visible and vocal about recovery.<\/span><\/p>\n<div class=\"fusion-button-wrapper fusion-aligncenter\"><style type=\"text\/css\" scoped=\"scoped\">.fusion-button.button-9{border-width:1px;color:#333333;border-color:#333333;}.fusion-button.button-9:hover,.fusion-button.button-9:focus,.fusion-button.button-9:active{border-width:1px;border-color:#333333;color:#333333;}.fusion-button.button-9{background: transparent;}.fusion-button.button-9:hover,.button-9:focus,.fusion-button.button-9:active{background: rgba(000,000,000,.04);}.fusion-button.button-9{width:auto;}<\/style><a class=\"fusion-button button-flat button-round button-small button-custom button-9\" target=\"_blank\"><span class=\"fusion-button-text\">Learn More<\/span><\/a><\/div><div class=\"fusion-clearfix\"><\/div><\/div><\/div><\/div><\/div><div class=\"fusion-clearfix\"><\/div><div class=\"fusion-sep-clear\"><\/div><div class=\"fusion-separator fusion-full-width-sep sep-none\" style=\"border-color:#e0dede;margin-left: auto;margin-right: auto;margin-top:10px;margin-bottom:10px;\"><\/div><\/div><\/div><div class=\"fusion-fullwidth fullwidth-box fusion-fullwidth-4  fusion-parallax-none nonhundred-percent-fullwidth\" style=\"border-color:#eae9e9;border-bottom-width: 0px;border-top-width: 0px;border-bottom-style: solid;border-top-style: solid;padding-bottom:20px;padding-top:20px;padding-left:px;padding-right:px;\"><style type=\"text\/css\" scoped=\"scoped\">.fusion-fullwidth-4 {\n                            padding-left: px !important;\n                            padding-right: px !important;\n                        }<\/style><div class=\"fusion-row\"><\/div><\/div><div class=\"fusion-section-separator section-separator\" style=\"border-bottom:1px solid #f2f2f2;\"><div class=\"divider-candy-arrow bottom\" style=\"top:0px;border-top-color: #f2f2f2;\"><\/div><div class=\"divider-candy bottom\" style=\"bottom:-21px;border-bottom:1px solid #f2f2f2;border-left:1px solid #f2f2f2;\"><\/div><\/div><div class=\"fusion-soundcloud\"><iframe scrolling=\"no\" frameborder=\"no\" width=\"100%\" height=\"150\" src=\"https:\/\/w.soundcloud.com\/player\/?url=https:\/\/soundcloud.com\/macancala\/samuel-barber-adagio-for-strings&amp;auto_play=true&amp;hide_related=true&amp;show_comments=false&amp;show_user=false&amp;show_reposts=false&amp;visual=false&amp;color=990000\"><\/iframe><\/div>\n","protected":false},"excerpt":{"rendered":"","protected":false},"author":1,"featured_media":0,"parent":0,"menu_order":0,"comment_status":"closed","ping_status":"closed","template":"100-width.php","meta":[],"_links":{"self":[{"href":"https:\/\/choopersfoundation.org\/addiction-treatment-charity\/wp-json\/wp\/v2\/pages\/10709"}],"collection":[{"href":"https:\/\/choopersfoundation.org\/addiction-treatment-charity\/wp-json\/wp\/v2\/pages"}],"about":[{"href":"https:\/\/choopersfoundation.org\/addiction-treatment-charity\/wp-json\/wp\/v2\/types\/page"}],"author":[{"embeddable":true,"href":"https:\/\/choopersfoundation.org\/addiction-treatment-charity\/wp-json\/wp\/v2\/users\/1"}],"replies":[{"embeddable":true,"href":"https:\/\/choopersfoundation.org\/addiction-treatment-charity\/wp-json\/wp\/v2\/comments?post=10709"}],"version-history":[{"count":64,"href":"https:\/\/choopersfoundation.org\/addiction-treatment-charity\/wp-json\/wp\/v2\/pages\/10709\/revisions"}],"predecessor-version":[{"id":12407,"href":"https:\/\/choopersfoundation.org\/addiction-treatment-charity\/wp-json\/wp\/v2\/pages\/10709\/revisions\/12407"}],"wp:attachment":[{"href":"https:\/\/choopersfoundation.org\/addiction-treatment-charity\/wp-json\/wp\/v2\/media?parent=10709"}],"curies":[{"name":"wp","href":"https:\/\/api.w.org\/{rel}","templated":true}]}}